{"id":2323,"date":"2019-09-17T10:47:26","date_gmt":"2019-09-17T08:47:26","guid":{"rendered":"https:\/\/mantahari.com\/allgemeine-geschaeftsbedingungen\/"},"modified":"2021-11-14T13:09:51","modified_gmt":"2021-11-14T12:09:51","slug":"allgemeine-geschaeftsbedingungen","status":"publish","type":"page","link":"https:\/\/wp.mantahari.com\/en\/allgemeine-geschaeftsbedingungen\/","title":{"rendered":"General terms and conditions"},"content":{"rendered":"<p>[vc_row][vc_column][vc_column_text]<\/p>\n<h1>General terms and conditions<\/h1>\n<p><b>\u00a7 1 Geltungsbereich<\/b><\/p>\n<p>F\u00fcr alle Bestellungen bzw. \u00fcber diesen Online-Shop geschlossenen Kaufvertr\u00e4ge gelten die nachfolgenden AGB. Dieser Online-Shop richtet sich ausschlie\u00dflich an Verbraucher<!-- Tats\u00e4chlich? Dann kannst Du unten alle Unternehmerbez\u00fcge streichen. -->.<\/p>\n<p>Verbraucher ist jede nat\u00fcrliche Person, die ein Rechtsgesch\u00e4ft zu Zwecken abschlie\u00dft, die \u00fcberwiegend weder ihrer gewerblichen noch ihrer selbst\u00e4ndigen beruflichen T\u00e4tigkeit zugerechnet werden k\u00f6nnen.<\/p>\n<p>Unternehmer ist eine nat\u00fcrliche oder juristische Person oder eine rechtsf\u00e4hige Personengesellschaft, die bei Abschluss eines Rechtsgesch\u00e4fts in Aus\u00fcbung ihrer gewerblichen oder selbst\u00e4ndigen beruflichen T\u00e4tigkeit handelt.<\/p>\n<p><b>\u00a7 2 Zustandekommen eines Vertrages<\/b><\/p>\n<p>(1) The purchase contract is concluded with MANTAHARI GmbH.<\/p>\n<p>(2) Die Darstellung der Produkte im Online-Shop stellt kein rechtlich bindendes Angebot, sondern einen unverbindlichen Online-Katalog dar. Der Kunde kann unsere Produkte zun\u00e4chst unverbindlich in den Warenkorb legen und seine Eingaben vor Absenden einer verbindlichen Bestellung jederzeit korrigieren, indem er die hierf\u00fcr im Bestellablauf vorgesehenen und erl\u00e4uterten Korrekturhilfen nutzen. Durch Anklicken des Bestellbuttons gibt der Kunde eine verbindliche Bestellung der im Warenkorb enthaltenen Waren ab. Die Best\u00e4tigung des Zugangs seiner Bestellung erfolgt per E-Mail unmittelbar nach dem Absenden der Bestellung.<\/p>\n<p><b>\u00a7 3 Widerrufsrecht<\/b><\/p>\n<p>(1) Verbrauchern steht grunds\u00e4tzlich ein Widerrufsrecht zu.<\/p>\n<p>(2) N\u00e4here Informationen zum Widerrufsrecht ergeben sich aus der Widerrufsbelehrung des Verk\u00e4ufers.<\/p>\n<p>(3) Das Widerrufsrecht gilt nicht f\u00fcr Verbraucher, die zum Zeitpunkt des Vertragsschlusses keinem Mitgliedstaat der Europ\u00e4ischen Union angeh\u00f6ren und deren alleiniger Wohnsitz und Lieferadresse zum Zeitpunkt des Vertragsschlusses au\u00dferhalb der Europ\u00e4ischen Union liegen.<\/p>\n<p><b>\u00a7 4 Preise und Zahlungsbedingungen<\/b><\/p>\n<p>(1) Bei allen auf den Webseiten des Verk\u00e4ufers, insbesondere www.mantahari.com, angegebenen Preisen, handelt es sich stets um Endpreise. Diese enthalten sowohl die in Deutschland g\u00fcltige Umsatzsteuer (in der gesetzlichen H\u00f6he und sonstige Preisbestandteile.<\/p>\n<p>(2) F\u00fcr Lieferungen an Kunden innerhalb der Europ\u00e4ischen Union (\u201e<b>EU<\/b>\u201c) oder au\u00dferhalb der EU, k\u00f6nnen Versandkosten anfallen. Diese h\u00e4ngen davon ab, in welches Land geliefert wird bzw. welchen Warenwert die Sendung hat. Die Versankosten f\u00fcr das jeweilige Land <!-- Hast Du das auf Deiner Homepage? -->werden im Bestellprozess angezeigt.<\/p>\n<p>(3) Der Kunde ist einverstanden, dass Rechnungen, Gutschriften oder sonstige die Bestellung betreffende Mitteilungen, ausschlie\u00dflich per e-mail \u00fcbermittelt werden.<\/p>\n<p>(4) Der Kunde ist einverstanden, dass die zum Versand notwendigen Daten an Versanddienstleister und Dropshipping Partner weitergegeben werden, um den Versand der bestellten Ware zu erm\u00f6glichen.<\/p>\n<p>(5) Der Kunde kann aus den nachfolgend genannten verschiedenen Zahlungsarten w\u00e4hlen: Vorkasse und Paypal<\/p>\n<p><b>Vorkasse<\/b><\/p>\n<p>W\u00e4hlt der Kunde im Bestellvorgang die Zahlung per Vorkasse aus, ist die Zahlung direkt nach Vertragsabschluss f\u00e4llig und ist binnen sp\u00e4testens 10 Werktagen auf das vom Verk\u00e4ufer in der Bestellbest\u00e4tigung genannte Konto zu \u00fcberweisen. Die Auslieferung der bestellten Waren erfolgt bei Kauf auf Vorkasse erst nach Gutschrift der vollst\u00e4ndigen Summe auf dem Konto des Verk\u00e4ufers.<\/p>\n<p>Bei Nicht-\u00dcberweisung und\/oder nicht Reagieren auf Erinnerungen via Mail darf die Bestellung 14 Tage nach T\u00e4tigung vom Verk\u00e4ufer storniert werden.<\/p>\n<p><b>PayPal<\/b><br \/>\nBei der Bezahlung mit PayPal wird der Kunde im Bestellprozess auf die Webseite des Online-Anbieters PayPal weitergeleitet. Um den Rechnungsbetrag \u00fcber PayPal bezahlen zu k\u00f6nnen, muss der Kunde bei PayPal registriert sein bzw. sich erst registrieren, mit den Zugangsdaten legitimieren und die Zahlungsanweisung an den Verk\u00e4ufer best\u00e4tigen. Nach Abgabe der Bestellung im Onlineshop fordert der Verk\u00e4ufer PayPal zur Einleitung der Zahlungstransaktion auf. Weitere Hinweise erh\u00e4lt der Kunde beim Bestellvorgang. Die Zahlungstransaktion wird durch PayPal unmittelbar danach automatisch ausgef\u00fchrt.<\/p>\n<p><b>\u00a7 5 Liefer- und Versandbedingungen<\/b><\/p>\n<p>(1) Der Verk\u00e4ufer liefert an die vom Kunden im Zuge der Bestellung angegebene Rechnungsadresse, soweit nicht anders vereinbart. Wird die Lieferung dem Verk\u00e4ufer aufgrund nicht m\u00f6glicher Zustellung an die vom Kunden angegebene Lieferadresse zur\u00fccktransportiert, tr\u00e4gt der Kunde die Kosten f\u00fcr den Transport und\/oder eine erneute Zustellung. Dies gilt nicht f\u00fcr den Fall, dass der Kunde in rechtlich zul\u00e4ssiger Weise von seinem Widerrufsrecht Gebrauch macht.<\/p>\n<p>(2) Die Gefahr des zuf\u00e4lligen Untergangs und der zuf\u00e4lligen Verschlechterung der Ware geht beim Versendungskauf mit \u00dcbergabe der Ware vom Verk\u00e4ufer an den Transportdienstleister auf den Kunden \u00fcber, wenn es sich bei diesem um einen Unternehmer (vgl. \u00a7 1 Abs. 3) handelt. F\u00fcr Verbraucher (vgl. \u00a7 1 Abs. 2) geht diese Gefahr erst mit \u00dcbergabe der Ware an den Kunden oder eine empfangsberechtigte Person \u00fcber. Die Gefahr des zuf\u00e4lligen Untergangs und der zuf\u00e4lligen Verschlechterung der Ware geht bei \u00dcbergabe an den Transportdienstleister durch den Verk\u00e4ufer dann auf den Kunden \u00fcber, wenn der Kunde einen Transportdienstleister beauftragt, diesen dem Verk\u00e4ufer aber nicht n\u00e4her benennt.<\/p>\n<p>(3) Der Verk\u00e4ufer kann auch nach Versand der Bestellbest\u00e4tigung im Fall einer nicht lieferbaren Bestellung vom Vertrag zur\u00fccktreten. Ist der bestellte Artikel nicht lieferbar, wird der Kunde innerhalb von 3 Werktagen dar\u00fcber informiert und eventuell gezahlte Betr\u00e4ge werden direkt erstattet.<\/p>\n<p>(4) Produkte der Mantahari Kollektion sind mit Ausnahme der Produkte des Re-Athlete Co-Brandings innerhalb von zwei Werktagen versandfertig.<\/p>\n<p>(5) Produkte der Apparel \u2013 Linie mit dem Dopshipping Partner Re-Athlete werden On-Demand angefertigt und haben daher eine abweichende Lieferzeit. Sie werden eigens f\u00fcr die Bestellung des Kunden hergestellt und sind innerhalb von 4 Werktagen versandfertig.<\/p>\n<p><b>\u00a7 6 Datenweitergabe zum Versand<\/b><\/p>\n<p>(1) Zur Abwicklung Ihrer Bestellung arbeiten wir mit dem \/ den nachstehenden Dienstleistern zusammen, die uns ganz oder teilweise bei dem Versand der bestellten Produkte unterst\u00fctzen. An diese Dienstleister werden nach Ma\u00dfgabe der folgenden Informationen gewisse personenbezogene Daten \u00fcbermittelt.<\/p>\n<p>(2) Die von uns erhobenen personenbezogenen Daten werden im Rahmen der Vertragsabwicklung an das mit der Lieferung beauftragte Transportunternehmen weitergegeben, soweit dies zur Lieferung der Ware erforderlich ist. Die Weitergabe von Namen, Anschrift und E-Mailadresse f\u00fcr eine Sendungsverfolgung zur Gew\u00e4hrleistung des Warenversands sind folgende Partner:<\/p>\n<p>(A) DHL Paket GmbH (gogreen)<\/p>\n<p>(B) Re-Athlete UG (haftungsbeschr\u00e4nkt) \u2013 Versand von Re-Athlete Apparel Produkten<\/p>\n<p>(C) Naturapack GmbH<\/p>\n<p><span style=\"color: #111111\"><span style=\"font-family: Helvetica, serif\"><span style=\"font-size: medium\"><br \/>\n(3)<\/span><\/span><\/span> Ihre Zahlungsdaten geben wir im Rahmen der Zahlungsabwicklung an das beauftragte Kreditinstitut weiter, sofern dies f\u00fcr die Zahlungsabwicklung erforderlich ist. Sofern Zahlungsdienstleister eingesetzt werden, informieren wir Sie hier\u00fcber nachstehend explizit. Rechtsgrundlage f\u00fcr die Weitergabe der Daten ist Art. 6 Abs. 1 lit. b DSGVO.<\/p>\n<p><a name=\"_GoBack\"><\/a><\/p>\n<p><b>\u00a7 7 Eigentumsvorbehalt<\/b><\/p>\n<p>Die Ware bleibt bis zur vollst\u00e4ndigen Zahlung Eigentum des Verk\u00e4ufers. Dies gilt f\u00fcr Verbraucher und Unternehmer.<\/p>\n<p><b>\u00a7 8 Gew\u00e4hrleistung<\/b><\/p>\n<p>(1) Ist die Kaufsache mangelhaft, gelten grunds\u00e4tzlich die Vorschriften der gesetzlichen M\u00e4ngelhaftung (\u00a7\u00a7 434 ff. BGB). F\u00fcr Verbraucher betr\u00e4gt die Verj\u00e4hrungsfrist f\u00fcr gesetzliche M\u00e4ngelanspr\u00fcche demnach zwei Jahre beginnend ab Ablieferung der Ware.<\/p>\n<p>(3) Verbraucher werden vom Verk\u00e4ufer zudem gebeten, die gelieferten Waren m\u00f6glichst direkt bei Erhalt durch den Transportdienstleister zu pr\u00fcfen und ggfls. bei diesem direkt zu reklamieren und den Verk\u00e4ufer hiervon zu unterrichten, was jedoch keine Auswirkung auf die gesetzliche M\u00e4ngelhaftung i.S.d. Abs. 1 hat. Zur Klarstellung sei an dieser nochmals festgehalten, dass den Verbraucher keine Abs. 3 vergleichbare R\u00fcgepflicht trifft. Die Pr\u00fcfung und Reklamation dient insoweit nur der erleichterten Abwicklung, hat aber auf die Rechtsstellung und die Rechte des Verbrauchers keinen Einfluss.<\/p>\n<p><b>\u00a7 9 Haftung<\/b><\/p>\n<p>(1) F\u00fcr Anspr\u00fcche aufgrund von Sch\u00e4den, die durch den Verk\u00e4ufer, seinen gesetzlichen Vertretern oder Erf\u00fcllungsgehilfen verursacht wurden, haften der Verk\u00e4ufer stets unbeschr\u00e4nkt<\/p>\n<p>\u2013 bei Verletzung des Lebens, des K\u00f6rpers oder der Gesundheit,<br \/>\n\u2013 bei vors\u00e4tzlicher oder grob fahrl\u00e4ssiger Pflichtverletzung,<br \/>\n\u2013 bei Garantieversprechen, soweit vereinbart, oder<br \/>\n\u2013 soweit der Anwendungsbereich des Produkthaftungsgesetzes (\u201eProdHaftG\u201c) er\u00f6ffnet ist.<\/p>\n<p>(2) Bei Verletzung wesentlicher Vertragspflichten, deren Erf\u00fcllung die ordnungsgem\u00e4\u00dfe Durchf\u00fchrung des Vertrages \u00fcberhaupt erst erm\u00f6glicht und auf deren Einhaltung der Vertragspartner regelm\u00e4\u00dfig vertrauen darf, (Kardinalpflichten) durch leichte Fahrl\u00e4ssigkeit des Verk\u00e4ufers, seinen gesetzlichen Vertretern oder Erf\u00fcllungsgehilfen ist die Haftung der H\u00f6he nach auf den bei Vertragsschluss vorhersehbaren Schaden begrenzt, mit dessen Entstehung typischerweise gerechnet werden muss. Im \u00dcbrigen sind Anspr\u00fcche, die auf eine leichte Fahrl\u00e4ssigkeit zur\u00fcckgehen, ausgeschlossen.<\/p>\n<p><b>\u00a7 10 Informationen zur Online-Streitbeilegung (Art. 14 ODR-Verordnung bzw. \u00a7 36 VBSG)<\/b><\/p>\n<p>(1) Die EU-Kommission stellt im Internet unter folgendem Link eine Plattform zur Online-Streitbeilegung bereit: <a href=\"https:\/\/ec.europa.eu\/consumers\/odr\/main\/index.cfm?event=main.home2.show&amp;lng=DE\">https:\/\/ec.europa.eu\/consumers\/odr\/main\/index.cfm?event=main.home2.show&amp;lng=DE<\/a><\/p>\n<p>Diese Plattform dient als Anlaufstelle zur au\u00dfergerichtlichen Beilegung von Streitigkeiten aus Online-Kauf- oder Dienstleistungsvertr\u00e4gen, an denen ein Verbraucher beteiligt ist. Der Verk\u00e4ufer ist weder verpflichtet noch bereit, an dem Streitschlichtungsverfahren teilzunehmen.<!-- War doppelt gemoppelt. --><\/p>\n<p><b>\u00a7 11 \u00c4nderungen der AGB<\/b><\/p>\n<p>(1) Der Verk\u00e4ufer ist berechtigt, die vorliegenden AGB mit einer entsprechenden Ank\u00fcndigungsfrist (siehe dazu Abs. 2) zu \u00e4ndern, wenn eine \u00c4nderung (i) notwendig ist und (ii) der Kunde dadurch nicht unangemessen benachteiligt wird.<\/p>\n<p>(2) Der Verk\u00e4ufer teilt dem Kunden etwaige \u00c4nderungen der AGB sechs Wochen vor dem Wirksamwerden in Textform mit.<\/p>\n<p>(3) Ist der Kunde mit den \u00c4nderungen nicht einverstanden, so kann er diesen widersprechen. Auf das Bestehen dieses Widerspruchsrechtes weist der Verk\u00e4ufer den Kunden in der \u00c4nderungsmitteilung hin und darauf, dass die \u00c4nderungen als genehmigt gelten, wenn der Kunde diesen nicht innerhalb von vier Wochen ab Zugang der \u00c4nderungsmitteilung widerspricht.<\/p>\n<p><b>\u00a7 12 Teilnahmebedingungen f\u00fcr Gewinnspiele auf Facebook und Instagram<\/b><\/p>\n<p>(1) Eine Teilnahme am Gewinnspiel von Mantahari (Veranstalter) ist nur unter Einbeziehung dieser Teilnahmebedingungen m\u00f6glich. Mit der Teilnahme am Gewinnspiel akzeptiert der Nutzer (Teilnehmer\/in des Gewinnspiels) die Gewinnspiel-Teilnahmebedingungen. Der Veranstalter f\u00fchrt Gewinnspiele auf Facebook und Instagram durch. Die Gewinnspiele werden nicht von Facebook oder Instagram unterst\u00fctzt und stehen in keiner Verbindung zu Facebook oder Instagram. Facebook oder Instagram ist lediglich die Plattform, auf der der Veranstalter das Gewinnspiel veranstaltet.<\/p>\n<p>(2) Teilnahmeberechtigung: Teilnehmen k\u00f6nnen alle nat\u00fcrlichen und gesch\u00e4ftsf\u00e4higen Personen mit einem Mindestalter von 14 Jahren und einem Wohnsitz in Deutschland, da der Versand der Gewinne ausschlie\u00dflich nach Deutschland erfolgt. Mitarbeiter\/innen oder Personen die mit dem Veranstalter in einer Gesch\u00e4ftsbeziehung stehen, sind von der Teilnahme ausgeschlossen. Der Nutzer erkl\u00e4rt sich mit der Teilnahme damit einverstanden, dass im Gewinnfalle sein\/ihr Name und\/oder Bild im Internet ver\u00f6ffentlicht wird.<\/p>\n<p>(3) Beginn und Ende des Gewinnspiels: Die Teilnahme ist nur in dem Beitrag genannten Zeitraum m\u00f6glich, der Teilnahmeschluss ist ebenfalls diesem Beitrag zu entnehmen. Der Rechtsweg ist ausgeschlossen.<\/p>\n<p>(4) Der Gewinn: Der m\u00f6gliche Gewinn wird in dem Beitrag erw\u00e4hnt. Das Gewinnspiel verursacht keine zus\u00e4tzlichen Kosten. Der Gewinn wird auf dem Postweg an den\/die Gewinner\/in ausgeliefert. Hierf\u00fcr ist es notwendig, dass der\/die Gewinner\/in dem Veranstalter ihre Lieferadresse mitteilt.<\/p>\n<p>(5) Haftung und\/oder Schadenersatzanspr\u00fcche gegen\u00fcber dem Veranstalter, die im Zusammenhang mit dem Gewinnspiel stehen, sind, innerhalb des gesetzlich zul\u00e4ssigen, unabh\u00e4ngig vom Rechtsgrund ausgeschlossen, es sei denn der Veranstalter h\u00e4tte vors\u00e4tzlich oder grob fahrl\u00e4ssig gesetzliche Pflichten verletzt. Der Veranstalter haftet nicht f\u00fcr Beitr\u00e4ge oder \u00c4u\u00dferungen durch den Nutzer. Insbesondere nicht f\u00fcr Beitr\u00e4ge, \u00c4u\u00dferungen oder Kommentare die Beleidigungen, falsche Tatsachen, Wettbewerbs-, Marken oder Urheberrechtsverst\u00f6\u00dfe enthalten. Der Nutzer haftet f\u00fcr etwaige Rechtsverst\u00f6\u00dfe. Ferner haftet Veranstalter nicht f\u00fcr Sch\u00e4den aus der Beeintr\u00e4chtigung der Verf\u00fcgbarkeit des Gewinnspiel Beitrages, bei nicht beeinflussbaren technischen St\u00f6rungen und Ereignissen h\u00f6herer Gewalt, sowie Angriffen Dritter gegen den Gewinnspiel Beitrag. Der Veranstalter wird jedoch alles unternehmen, um die Zuverl\u00e4ssigkeit und Funktionsf\u00e4higkeit des Gewinnspiel Beitrags sicherzustellen. Weiterhin \u00fcbernimmt der Veranstalter keine Garantie oder Gew\u00e4hr daf\u00fcr, dass der Gewinnspiel Beitrag auf jedem technischen Endger\u00e4t ordnungsgem\u00e4\u00df funktioniert. Bei Missbrauch oben genannten St\u00f6rungen hat der Veranstalter das Recht, das Gewinnspiel zu \u00e4ndern, anzupassen oder es zu beenden, wenn dies aufgrund von Umst\u00e4nden notwendig ist.<\/p>\n<p>(6) Der Veranstalter gew\u00e4hrt im Rahmen des Gewinnspiels den gr\u00f6\u00dftm\u00f6glichen datenschutzrechtlichen Standard und beachtet alle diesbez\u00fcglich einschl\u00e4gigen gesetzlichen Bestimmungen. Der Veranstalter wird keine personenbezogenen Daten an Dritte weiterleiten oder Adressdaten verkaufen. Der Veranstalter speichert die personenbezogenen Daten der jeweiligen Teilnehmer\/ in ausschlie\u00dflich zum Zwecke des Gewinnspiels. Der\/Die Teilnehmer\/in erkl\u00e4rt hiermit ausdr\u00fccklich sein\/ihr Einverst\u00e4ndnis mit der Speicherung und Verwendung der mitgeteilten personenbezogenen Daten zu dem oben genannten Zweck.<\/p>\n<p>(7) Auswahlverfahren: Der Gewinner wird auf dem im Beitrag angek\u00fcndigten Weg (per zuf\u00e4lliger Auswahl oder durch Jury Entscheid) ermittelt. Die Gewinner werden \u00fcber die Facebook Kommentarfunktion des Facebook Posts informiert. Jeder Gewinner muss sich innerhalb von 5 Werktagen per E-Mail an hello@mantahari.com oder \u00fcber eine private Nachricht an die Mantahari Facebook Seite mit seinen Adressdaten melden. Meldet sich ein Gewinner nicht innerhalb dieser Frist wird der Gewinn unter allen anderen Teilnehmern verlost.<\/p>\n<p>(8) Kontakt: Bei Fragen in Bezug auf die Durchf\u00fchrung dieses Gewinnspiels und der Verarbeitung und Nutzung von pers\u00f6nlichen Daten wenden Sie sich bitte an: <a href=\"mailto:hello@mantahari.com\">hello@mantahari.com<\/a><!-- Da muss ich mich erst mal reinlesen. Kenne mich damit nicht aus. --><\/p>\n<p><b>\u00a7 13 Schlussbestimmungen<\/b><\/p>\n<p>Sollten eine oder mehrere Bestimmungen dieser AGB unwirksam sein oder werden, wird dadurch die Wirksamkeit der anderen Bestimmungen im \u00dcbrigen nicht ber\u00fchrt. Der Verk\u00e4ufer und der Kunde verpflichten sich, eine unwirksam gewordene Regelung durch eine solche zu ersetzen, die dem wirtschaftlich gewollten am n\u00e4chsten kommt.<\/p>\n<p>&nbsp;<\/p>\n<p><span style=\"font-family: Times New Roman, serif\"><span style=\"font-size: medium\"><span style=\"font-family: Arial, serif\"><span style=\"font-size: small\">Es gilt deutsches Recht. Die Bestimmungen des UN-Kaufrechts finden keine Anwendung.<\/span><\/span><\/span><\/span>[\/vc_column_text][\/vc_column][\/vc_row]<\/p>\n","protected":false},"excerpt":{"rendered":"<p>[vc_row][vc_column][vc_column_text] General terms and conditions \u00a7 1 Geltungsbereich F\u00fcr alle Bestellungen bzw. \u00fcber diesen Online-Shop geschlossenen Kaufvertr\u00e4ge gelten die nachfolgenden&#8230;<\/p>\n","protected":false},"author":4,"featured_media":0,"parent":0,"menu_order":0,"comment_status":"closed","ping_status":"closed","template":"","meta":{"spay_email":""},"yoast_head":"<!-- This site is optimized with the Yoast SEO plugin v19.3 - https:\/\/yoast.com\/wordpress\/plugins\/seo\/ -->\n<title>General terms and conditions - Mantahari Oceancare<\/title>\n<meta name=\"robots\" content=\"index, follow, max-snippet:-1, max-image-preview:large, max-video-preview:-1\" \/>\n<link rel=\"canonical\" href=\"https:\/\/wp.mantahari.com\/en\/allgemeine-geschaeftsbedingungen\/\" \/>\n<meta property=\"og:locale\" content=\"en_US\" \/>\n<meta property=\"og:type\" content=\"article\" \/>\n<meta property=\"og:title\" content=\"General terms and conditions - Mantahari Oceancare\" \/>\n<meta property=\"og:description\" content=\"[vc_row][vc_column][vc_column_text] General terms and conditions \u00a7 1 Geltungsbereich F\u00fcr alle Bestellungen bzw. \u00fcber diesen Online-Shop geschlossenen Kaufvertr\u00e4ge gelten die nachfolgenden...\" \/>\n<meta property=\"og:url\" content=\"https:\/\/wp.mantahari.com\/en\/allgemeine-geschaeftsbedingungen\/\" \/>\n<meta property=\"og:site_name\" content=\"Mantahari Oceancare\" \/>\n<meta property=\"article:modified_time\" content=\"2021-11-14T12:09:51+00:00\" \/>\n<meta name=\"twitter:card\" content=\"summary_large_image\" \/>\n<meta name=\"twitter:label1\" content=\"Est. reading time\" \/>\n\t<meta name=\"twitter:data1\" content=\"11 minutes\" \/>\n<script type=\"application\/ld+json\" class=\"yoast-schema-graph\">{\"@context\":\"https:\/\/schema.org\",\"@graph\":[{\"@type\":\"Organization\",\"@id\":\"https:\/\/wp.mantahari.com\/#organization\",\"name\":\"MANTAHARI\",\"url\":\"https:\/\/wp.mantahari.com\/\",\"sameAs\":[],\"logo\":{\"@type\":\"ImageObject\",\"inLanguage\":\"en-US\",\"@id\":\"https:\/\/wp.mantahari.com\/#\/schema\/logo\/image\/\",\"url\":\"https:\/\/mantahari.com\/wp-content\/uploads\/2021\/08\/Mantahari_Ocean_Care_final-01_Naturpack.jpg\",\"contentUrl\":\"https:\/\/mantahari.com\/wp-content\/uploads\/2021\/08\/Mantahari_Ocean_Care_final-01_Naturpack.jpg\",\"width\":1000,\"height\":705,\"caption\":\"MANTAHARI\"},\"image\":{\"@id\":\"https:\/\/wp.mantahari.com\/#\/schema\/logo\/image\/\"}},{\"@type\":\"WebSite\",\"@id\":\"https:\/\/wp.mantahari.com\/#website\",\"url\":\"https:\/\/wp.mantahari.com\/\",\"name\":\"Mantahari Oceancare\",\"description\":\"Together for the Ocean | Mantahari\",\"publisher\":{\"@id\":\"https:\/\/wp.mantahari.com\/#organization\"},\"potentialAction\":[{\"@type\":\"SearchAction\",\"target\":{\"@type\":\"EntryPoint\",\"urlTemplate\":\"https:\/\/wp.mantahari.com\/?s={search_term_string}\"},\"query-input\":\"required name=search_term_string\"}],\"inLanguage\":\"en-US\"},{\"@type\":\"WebPage\",\"@id\":\"https:\/\/wp.mantahari.com\/en\/allgemeine-geschaeftsbedingungen\/\",\"url\":\"https:\/\/wp.mantahari.com\/en\/allgemeine-geschaeftsbedingungen\/\",\"name\":\"General terms and conditions - Mantahari Oceancare\",\"isPartOf\":{\"@id\":\"https:\/\/wp.mantahari.com\/#website\"},\"datePublished\":\"2019-09-17T08:47:26+00:00\",\"dateModified\":\"2021-11-14T12:09:51+00:00\",\"breadcrumb\":{\"@id\":\"https:\/\/wp.mantahari.com\/en\/allgemeine-geschaeftsbedingungen\/#breadcrumb\"},\"inLanguage\":\"en-US\",\"potentialAction\":[{\"@type\":\"ReadAction\",\"target\":[\"https:\/\/wp.mantahari.com\/en\/allgemeine-geschaeftsbedingungen\/\"]}]},{\"@type\":\"BreadcrumbList\",\"@id\":\"https:\/\/wp.mantahari.com\/en\/allgemeine-geschaeftsbedingungen\/#breadcrumb\",\"itemListElement\":[{\"@type\":\"ListItem\",\"position\":1,\"name\":\"Startseite\",\"item\":\"https:\/\/wp.mantahari.com\/en\/\"},{\"@type\":\"ListItem\",\"position\":2,\"name\":\"General terms and conditions\"}]}]}<\/script>\n<!-- \/ Yoast SEO plugin. -->","yoast_head_json":{"title":"General terms and conditions - Mantahari Oceancare","robots":{"index":"index","follow":"follow","max-snippet":"max-snippet:-1","max-image-preview":"max-image-preview:large","max-video-preview":"max-video-preview:-1"},"canonical":"https:\/\/wp.mantahari.com\/en\/allgemeine-geschaeftsbedingungen\/","og_locale":"en_US","og_type":"article","og_title":"General terms and conditions - Mantahari Oceancare","og_description":"[vc_row][vc_column][vc_column_text] General terms and conditions \u00a7 1 Geltungsbereich F\u00fcr alle Bestellungen bzw. \u00fcber diesen Online-Shop geschlossenen Kaufvertr\u00e4ge gelten die nachfolgenden...","og_url":"https:\/\/wp.mantahari.com\/en\/allgemeine-geschaeftsbedingungen\/","og_site_name":"Mantahari Oceancare","article_modified_time":"2021-11-14T12:09:51+00:00","twitter_card":"summary_large_image","twitter_misc":{"Est. reading time":"11 minutes"},"schema":{"@context":"https:\/\/schema.org","@graph":[{"@type":"Organization","@id":"https:\/\/wp.mantahari.com\/#organization","name":"MANTAHARI","url":"https:\/\/wp.mantahari.com\/","sameAs":[],"logo":{"@type":"ImageObject","inLanguage":"en-US","@id":"https:\/\/wp.mantahari.com\/#\/schema\/logo\/image\/","url":"https:\/\/mantahari.com\/wp-content\/uploads\/2021\/08\/Mantahari_Ocean_Care_final-01_Naturpack.jpg","contentUrl":"https:\/\/mantahari.com\/wp-content\/uploads\/2021\/08\/Mantahari_Ocean_Care_final-01_Naturpack.jpg","width":1000,"height":705,"caption":"MANTAHARI"},"image":{"@id":"https:\/\/wp.mantahari.com\/#\/schema\/logo\/image\/"}},{"@type":"WebSite","@id":"https:\/\/wp.mantahari.com\/#website","url":"https:\/\/wp.mantahari.com\/","name":"Mantahari Oceancare","description":"Together for the Ocean | Mantahari","publisher":{"@id":"https:\/\/wp.mantahari.com\/#organization"},"potentialAction":[{"@type":"SearchAction","target":{"@type":"EntryPoint","urlTemplate":"https:\/\/wp.mantahari.com\/?s={search_term_string}"},"query-input":"required name=search_term_string"}],"inLanguage":"en-US"},{"@type":"WebPage","@id":"https:\/\/wp.mantahari.com\/en\/allgemeine-geschaeftsbedingungen\/","url":"https:\/\/wp.mantahari.com\/en\/allgemeine-geschaeftsbedingungen\/","name":"General terms and conditions - Mantahari Oceancare","isPartOf":{"@id":"https:\/\/wp.mantahari.com\/#website"},"datePublished":"2019-09-17T08:47:26+00:00","dateModified":"2021-11-14T12:09:51+00:00","breadcrumb":{"@id":"https:\/\/wp.mantahari.com\/en\/allgemeine-geschaeftsbedingungen\/#breadcrumb"},"inLanguage":"en-US","potentialAction":[{"@type":"ReadAction","target":["https:\/\/wp.mantahari.com\/en\/allgemeine-geschaeftsbedingungen\/"]}]},{"@type":"BreadcrumbList","@id":"https:\/\/wp.mantahari.com\/en\/allgemeine-geschaeftsbedingungen\/#breadcrumb","itemListElement":[{"@type":"ListItem","position":1,"name":"Startseite","item":"https:\/\/wp.mantahari.com\/en\/"},{"@type":"ListItem","position":2,"name":"General terms and conditions"}]}]}},"_links":{"self":[{"href":"https:\/\/wp.mantahari.com\/en\/wp-json\/wp\/v2\/pages\/2323"}],"collection":[{"href":"https:\/\/wp.mantahari.com\/en\/wp-json\/wp\/v2\/pages"}],"about":[{"href":"https:\/\/wp.mantahari.com\/en\/wp-json\/wp\/v2\/types\/page"}],"author":[{"embeddable":true,"href":"https:\/\/wp.mantahari.com\/en\/wp-json\/wp\/v2\/users\/4"}],"replies":[{"embeddable":true,"href":"https:\/\/wp.mantahari.com\/en\/wp-json\/wp\/v2\/comments?post=2323"}],"version-history":[{"count":16,"href":"https:\/\/wp.mantahari.com\/en\/wp-json\/wp\/v2\/pages\/2323\/revisions"}],"predecessor-version":[{"id":8332,"href":"https:\/\/wp.mantahari.com\/en\/wp-json\/wp\/v2\/pages\/2323\/revisions\/8332"}],"wp:attachment":[{"href":"https:\/\/wp.mantahari.com\/en\/wp-json\/wp\/v2\/media?parent=2323"}],"curies":[{"name":"wp","href":"https:\/\/api.w.org\/{rel}","templated":true}]}}