{"id":2328,"date":"2019-09-17T10:48:20","date_gmt":"2019-09-17T08:48:20","guid":{"rendered":"https:\/\/mantahari.com\/imprint\/"},"modified":"2022-07-20T15:24:51","modified_gmt":"2022-07-20T13:24:51","slug":"imprint","status":"publish","type":"page","link":"https:\/\/wp.mantahari.com\/en\/imprint\/","title":{"rendered":"Impressum"},"content":{"rendered":"\t\t<div data-elementor-type=\"wp-page\" data-elementor-id=\"2328\" class=\"elementor elementor-2328 elementor-240\">\n\t\t\t\t\t\t\t\t\t<section class=\"elementor-section elementor-top-section elementor-element elementor-element-5a930008 elementor-section-full_width elementor-section-height-min-height elementor-section-content-middle elementor-section-height-default elementor-section-items-middle\" data-id=\"5a930008\" data-element_type=\"section\" data-settings=\"{&quot;background_background&quot;:&quot;classic&quot;}\">\n\t\t\t\t\t\t<div class=\"elementor-container elementor-column-gap-default\">\n\t\t\t\t\t<div class=\"elementor-column elementor-col-100 elementor-top-column elementor-element elementor-element-7b6f235a elementor-hidden-mobile\" data-id=\"7b6f235a\" data-element_type=\"column\">\n\t\t\t<div class=\"elementor-widget-wrap elementor-element-populated\">\n\t\t\t\t\t\t\t\t<div class=\"elementor-element elementor-element-e88c2bf elementor-widget elementor-widget-heading\" data-id=\"e88c2bf\" data-element_type=\"widget\" data-widget_type=\"heading.default\">\n\t\t\t\t<div class=\"elementor-widget-container\">\n\t\t\t<style>\/*! elementor - v3.6.7 - 03-07-2022 *\/\n.elementor-heading-title{padding:0;margin:0;line-height:1}.elementor-widget-heading .elementor-heading-title[class*=elementor-size-]>a{color:inherit;font-size:inherit;line-height:inherit}.elementor-widget-heading .elementor-heading-title.elementor-size-small{font-size:15px}.elementor-widget-heading .elementor-heading-title.elementor-size-medium{font-size:19px}.elementor-widget-heading .elementor-heading-title.elementor-size-large{font-size:29px}.elementor-widget-heading .elementor-heading-title.elementor-size-xl{font-size:39px}.elementor-widget-heading .elementor-heading-title.elementor-size-xxl{font-size:59px}<\/style><h2 class=\"elementor-heading-title elementor-size-default\">IMPRESSUM<\/h2>\t\t<\/div>\n\t\t\t\t<\/div>\n\t\t\t\t\t<\/div>\n\t\t<\/div>\n\t\t\t\t\t\t\t<\/div>\n\t\t<\/section>\n\t\t\t\t<section class=\"elementor-section elementor-top-section elementor-element elementor-element-7cafbd2a elementor-section-boxed elementor-section-height-default elementor-section-height-default\" data-id=\"7cafbd2a\" data-element_type=\"section\" data-settings=\"{&quot;background_background&quot;:&quot;classic&quot;}\">\n\t\t\t\t\t\t<div class=\"elementor-container elementor-column-gap-default\">\n\t\t\t\t\t<div class=\"elementor-column elementor-col-100 elementor-top-column elementor-element elementor-element-cb3788\" data-id=\"cb3788\" data-element_type=\"column\">\n\t\t\t<div class=\"elementor-widget-wrap elementor-element-populated\">\n\t\t\t\t\t\t\t\t<div class=\"elementor-element elementor-element-1697712 elementor-widget elementor-widget-spacer\" data-id=\"1697712\" data-element_type=\"widget\" data-widget_type=\"spacer.default\">\n\t\t\t\t<div class=\"elementor-widget-container\">\n\t\t\t<style>\/*! elementor - v3.6.7 - 03-07-2022 *\/\n.e-container.e-container--row .elementor-spacer-inner{width:var(--spacer-size)}.e-container.e-container--column .elementor-spacer-inner,.elementor-column .elementor-spacer-inner{height:var(--spacer-size)}<\/style>\t\t<div class=\"elementor-spacer\">\n\t\t\t<div class=\"elementor-spacer-inner\"><\/div>\n\t\t<\/div>\n\t\t\t\t<\/div>\n\t\t\t\t<\/div>\n\t\t\t\t<div class=\"elementor-element elementor-element-32bcaede elementor-widget elementor-widget-text-editor\" data-id=\"32bcaede\" data-element_type=\"widget\" data-widget_type=\"text-editor.default\">\n\t\t\t\t<div class=\"elementor-widget-container\">\n\t\t\t<style>\/*! elementor - v3.6.7 - 03-07-2022 *\/\n.elementor-widget-text-editor.elementor-drop-cap-view-stacked .elementor-drop-cap{background-color:#818a91;color:#fff}.elementor-widget-text-editor.elementor-drop-cap-view-framed .elementor-drop-cap{color:#818a91;border:3px solid;background-color:transparent}.elementor-widget-text-editor:not(.elementor-drop-cap-view-default) .elementor-drop-cap{margin-top:8px}.elementor-widget-text-editor:not(.elementor-drop-cap-view-default) .elementor-drop-cap-letter{width:1em;height:1em}.elementor-widget-text-editor .elementor-drop-cap{float:left;text-align:center;line-height:1;font-size:50px}.elementor-widget-text-editor .elementor-drop-cap-letter{display:inline-block}<\/style>\t\t\t\t<p><strong>MANTAHARI GMBH<br>Birkenstr. 44c<br><\/strong><strong>85757 Karlsfeld<\/strong><br><strong>Deutschland<\/strong><\/p><p>Tel.: 0049 89 92633887<br>E-Mail.: hello@mantahari.com<\/p><p>Handelsregister M\u00fcnchen: HRB 265452<br>Gesch\u00e4ftsf\u00fchrung: Tim Noack<\/p><h3>STEUERLICHE ANGABEN<\/h3><p>Umsatzsteuer-Identifikationsnummer gem\u00e4\u00df \u00a7 27 a Umsatzsteuergesetz: DE344657833<\/p><p>Bankverbindung:<br>MANTAHARI GmbH<br>IBAN: DE71760100850160440856<br>BIC: PBNKDEFF<br>Postbank \u2013 eine Niederlassung der Deutsche Bank AG<\/p><p>DATENSCHUTZBEAUFTRAGTER (\u00a7 37 DSGVO)<\/p><p>Tim Noack<br>Schlei\u00dfheimer Str. 124<br>80797 M\u00fcnchen<\/p><h3>WEBSITE UND SHOP<\/h3><p>Tim Noack<br>Schlei\u00dfheimer Str. 124<br>80797 M\u00fcnchen<br>E-Mail: tim@mantahari.com<br>BILDRECHTE<br>\u00a9 Tim Noack; \u00a9 Hansi Heckmair; \u00a9 Christian Puzik; \u00a9 Jonas Stobl; \u00a9Urs Golling<\/p><h3>Haftung f\u00fcr Inhalte<\/h3><p>Als Diensteanbieter sind wir gem\u00e4\u00df \u00a7 7 Abs.1 TMG f\u00fcr eigene Inhalte auf diesen Seiten nach<br>den<br>allgemeinen Gesetzen verantwortlich. Nach \u00a7\u00a7 8 bis 10 TMG sind wir als Diensteanbieter<br>jedoch nicht verpflichtet, \u00fcbermittelte oder gespeicherte fremde Informationen zu<br>\u00fcberwachen oder nach Umst\u00e4nden zu forschen, die auf eine rechtswidrige T\u00e4tigkeit<br>hinweisen.<br>Verpflichtungen zur Entfernung oder Sperrung der Nutzung von Informationen nach den<br>allgemeinen Gesetzen bleiben hiervon unber\u00fchrt. Eine diesbez\u00fcgliche Haftung ist jedoch<br>erst ab dem Zeitpunkt der Kenntnis einer konkreten Rechtsverletzung m\u00f6glich. Bei<br>Bekanntwerden von entsprechenden Rechtsverletzungen werden wir diese Inhalte<br>umgehend entfernen.<\/p><h3>COPYRIGHT<\/h3><p>Die Inhalte und Werke auf diesen Seiten durch die Seitenbetreiber erstellten Inhalte<br>unterliegen dem deutschen Urheberrecht. Die Vervielf\u00e4ltigung, Bearbeitung, Verbreitung und<br>jede Art der Verwertung au\u00dferhalb der Grenzen des Urheberrechtes bed\u00fcrfen der<br>schriftlichen Zustimmung des jeweiligen Autors bzw. Erstellers. Downloads und Kopien<br>dieser Seite sind nur zul\u00e4ssig f\u00fcr den privaten, nicht kommerziellen Gebrauch gestattet.<br>Soweit die Inhalte nicht vom Betreiber erstellt wird, dem Copyright Dritter. Insbesondere<br>werden Inhalte Dritter als solche gekennzeichnet. Sollten Sie dennoch auf eine<br>Urheberrechtsverletzung aufmerksam werden, bitten wir um einen entsprechenden Hinweis.<br>Bei Bekanntwerden von Rechtsverletzungen werden wir diese Inhalte umgehend entfernen.<\/p><p>Plattform der EU-Kommission zur Online-Streitbeilegung: <a href=\"https:\/\/ec.europa.eu\/odr\" target=\"_blank\" rel=\"noopener noreferrer\">https:\/\/ec.europa.eu\/odr<\/a><\/p><p>Wir sind zur Teilnahme an einem Streitbeilegungsverfahren vor einer Verbraucherschlichtungsstelle weder verpflichtet noch bereit.<\/p>\t\t\t\t\t\t<\/div>\n\t\t\t\t<\/div>\n\t\t\t\t<div class=\"elementor-element elementor-element-b0247dc elementor-widget elementor-widget-spacer\" data-id=\"b0247dc\" data-element_type=\"widget\" data-widget_type=\"spacer.default\">\n\t\t\t\t<div class=\"elementor-widget-container\">\n\t\t\t\t\t<div class=\"elementor-spacer\">\n\t\t\t<div class=\"elementor-spacer-inner\"><\/div>\n\t\t<\/div>\n\t\t\t\t<\/div>\n\t\t\t\t<\/div>\n\t\t\t\t\t<\/div>\n\t\t<\/div>\n\t\t\t\t\t\t\t<\/div>\n\t\t<\/section>\n\t\t\t\t\t\t\t<\/div>\n\t\t","protected":false},"excerpt":{"rendered":"<p>IMPRESSUM MANTAHARI GMBHBirkenstr. 44c85757 KarlsfeldDeutschland Tel.: 0049 89 92633887E-Mail.: hello@mantahari.com Handelsregister M\u00fcnchen: HRB 265452Gesch\u00e4ftsf\u00fchrung: Tim Noack STEUERLICHE ANGABEN Umsatzsteuer-Identifikationsnummer gem\u00e4\u00df&#8230;<\/p>\n","protected":false},"author":4,"featured_media":0,"parent":0,"menu_order":0,"comment_status":"closed","ping_status":"closed","template":"elementor_header_footer","meta":{"spay_email":""},"yoast_head":"<!-- This site is optimized with the Yoast SEO plugin v19.3 - https:\/\/yoast.com\/wordpress\/plugins\/seo\/ -->\n<title>Impressum - Mantahari Oceancare<\/title>\n<meta name=\"description\" content=\"Alles offizielle und relevant zur Mantahari GmbH \u2502 Z\u00f6gern Sie nicht uns jederzeit zu kontaktieren \u270e Ihr Team von Mantahari Oceancare \u260e\" \/>\n<meta name=\"robots\" content=\"index, follow, max-snippet:-1, max-image-preview:large, max-video-preview:-1\" \/>\n<link rel=\"canonical\" href=\"https:\/\/wp.mantahari.com\/en\/imprint\/\" \/>\n<meta property=\"og:locale\" content=\"en_US\" \/>\n<meta property=\"og:type\" content=\"article\" \/>\n<meta property=\"og:title\" content=\"Impressum - Mantahari Oceancare\" \/>\n<meta property=\"og:description\" content=\"Alles offizielle und relevant zur Mantahari GmbH \u2502 Z\u00f6gern Sie nicht uns jederzeit zu kontaktieren \u270e Ihr Team von Mantahari Oceancare \u260e\" \/>\n<meta property=\"og:url\" content=\"https:\/\/wp.mantahari.com\/en\/imprint\/\" \/>\n<meta property=\"og:site_name\" content=\"Mantahari Oceancare\" \/>\n<meta property=\"article:modified_time\" content=\"2022-07-20T13:24:51+00:00\" \/>\n<meta name=\"twitter:card\" content=\"summary_large_image\" \/>\n<meta name=\"twitter:label1\" content=\"Est. reading time\" \/>\n\t<meta name=\"twitter:data1\" content=\"1 minute\" \/>\n<script type=\"application\/ld+json\" class=\"yoast-schema-graph\">{\"@context\":\"https:\/\/schema.org\",\"@graph\":[{\"@type\":\"Organization\",\"@id\":\"https:\/\/wp.mantahari.com\/#organization\",\"name\":\"MANTAHARI\",\"url\":\"https:\/\/wp.mantahari.com\/\",\"sameAs\":[],\"logo\":{\"@type\":\"ImageObject\",\"inLanguage\":\"en-US\",\"@id\":\"https:\/\/wp.mantahari.com\/#\/schema\/logo\/image\/\",\"url\":\"https:\/\/mantahari.com\/wp-content\/uploads\/2021\/08\/Mantahari_Ocean_Care_final-01_Naturpack.jpg\",\"contentUrl\":\"https:\/\/mantahari.com\/wp-content\/uploads\/2021\/08\/Mantahari_Ocean_Care_final-01_Naturpack.jpg\",\"width\":1000,\"height\":705,\"caption\":\"MANTAHARI\"},\"image\":{\"@id\":\"https:\/\/wp.mantahari.com\/#\/schema\/logo\/image\/\"}},{\"@type\":\"WebSite\",\"@id\":\"https:\/\/wp.mantahari.com\/#website\",\"url\":\"https:\/\/wp.mantahari.com\/\",\"name\":\"Mantahari Oceancare\",\"description\":\"Together for the Ocean | Mantahari\",\"publisher\":{\"@id\":\"https:\/\/wp.mantahari.com\/#organization\"},\"potentialAction\":[{\"@type\":\"SearchAction\",\"target\":{\"@type\":\"EntryPoint\",\"urlTemplate\":\"https:\/\/wp.mantahari.com\/?s={search_term_string}\"},\"query-input\":\"required name=search_term_string\"}],\"inLanguage\":\"en-US\"},{\"@type\":\"WebPage\",\"@id\":\"https:\/\/wp.mantahari.com\/en\/imprint\/\",\"url\":\"https:\/\/wp.mantahari.com\/en\/imprint\/\",\"name\":\"Impressum - Mantahari Oceancare\",\"isPartOf\":{\"@id\":\"https:\/\/wp.mantahari.com\/#website\"},\"datePublished\":\"2019-09-17T08:48:20+00:00\",\"dateModified\":\"2022-07-20T13:24:51+00:00\",\"description\":\"Alles offizielle und relevant zur Mantahari GmbH \u2502 Z\u00f6gern Sie nicht uns jederzeit zu kontaktieren \u270e Ihr Team von Mantahari Oceancare \u260e\",\"breadcrumb\":{\"@id\":\"https:\/\/wp.mantahari.com\/en\/imprint\/#breadcrumb\"},\"inLanguage\":\"en-US\",\"potentialAction\":[{\"@type\":\"ReadAction\",\"target\":[\"https:\/\/wp.mantahari.com\/en\/imprint\/\"]}]},{\"@type\":\"BreadcrumbList\",\"@id\":\"https:\/\/wp.mantahari.com\/en\/imprint\/#breadcrumb\",\"itemListElement\":[{\"@type\":\"ListItem\",\"position\":1,\"name\":\"Startseite\",\"item\":\"https:\/\/wp.mantahari.com\/en\/\"},{\"@type\":\"ListItem\",\"position\":2,\"name\":\"Impressum\"}]}]}<\/script>\n<!-- \/ Yoast SEO plugin. -->","yoast_head_json":{"title":"Impressum - Mantahari Oceancare","description":"Alles offizielle und relevant zur Mantahari GmbH \u2502 Z\u00f6gern Sie nicht uns jederzeit zu kontaktieren \u270e Ihr Team von Mantahari Oceancare \u260e","robots":{"index":"index","follow":"follow","max-snippet":"max-snippet:-1","max-image-preview":"max-image-preview:large","max-video-preview":"max-video-preview:-1"},"canonical":"https:\/\/wp.mantahari.com\/en\/imprint\/","og_locale":"en_US","og_type":"article","og_title":"Impressum - Mantahari Oceancare","og_description":"Alles offizielle und relevant zur Mantahari GmbH \u2502 Z\u00f6gern Sie nicht uns jederzeit zu kontaktieren \u270e Ihr Team von Mantahari Oceancare \u260e","og_url":"https:\/\/wp.mantahari.com\/en\/imprint\/","og_site_name":"Mantahari Oceancare","article_modified_time":"2022-07-20T13:24:51+00:00","twitter_card":"summary_large_image","twitter_misc":{"Est. reading time":"1 minute"},"schema":{"@context":"https:\/\/schema.org","@graph":[{"@type":"Organization","@id":"https:\/\/wp.mantahari.com\/#organization","name":"MANTAHARI","url":"https:\/\/wp.mantahari.com\/","sameAs":[],"logo":{"@type":"ImageObject","inLanguage":"en-US","@id":"https:\/\/wp.mantahari.com\/#\/schema\/logo\/image\/","url":"https:\/\/mantahari.com\/wp-content\/uploads\/2021\/08\/Mantahari_Ocean_Care_final-01_Naturpack.jpg","contentUrl":"https:\/\/mantahari.com\/wp-content\/uploads\/2021\/08\/Mantahari_Ocean_Care_final-01_Naturpack.jpg","width":1000,"height":705,"caption":"MANTAHARI"},"image":{"@id":"https:\/\/wp.mantahari.com\/#\/schema\/logo\/image\/"}},{"@type":"WebSite","@id":"https:\/\/wp.mantahari.com\/#website","url":"https:\/\/wp.mantahari.com\/","name":"Mantahari Oceancare","description":"Together for the Ocean | Mantahari","publisher":{"@id":"https:\/\/wp.mantahari.com\/#organization"},"potentialAction":[{"@type":"SearchAction","target":{"@type":"EntryPoint","urlTemplate":"https:\/\/wp.mantahari.com\/?s={search_term_string}"},"query-input":"required name=search_term_string"}],"inLanguage":"en-US"},{"@type":"WebPage","@id":"https:\/\/wp.mantahari.com\/en\/imprint\/","url":"https:\/\/wp.mantahari.com\/en\/imprint\/","name":"Impressum - Mantahari Oceancare","isPartOf":{"@id":"https:\/\/wp.mantahari.com\/#website"},"datePublished":"2019-09-17T08:48:20+00:00","dateModified":"2022-07-20T13:24:51+00:00","description":"Alles offizielle und relevant zur Mantahari GmbH \u2502 Z\u00f6gern Sie nicht uns jederzeit zu kontaktieren \u270e Ihr Team von Mantahari Oceancare \u260e","breadcrumb":{"@id":"https:\/\/wp.mantahari.com\/en\/imprint\/#breadcrumb"},"inLanguage":"en-US","potentialAction":[{"@type":"ReadAction","target":["https:\/\/wp.mantahari.com\/en\/imprint\/"]}]},{"@type":"BreadcrumbList","@id":"https:\/\/wp.mantahari.com\/en\/imprint\/#breadcrumb","itemListElement":[{"@type":"ListItem","position":1,"name":"Startseite","item":"https:\/\/wp.mantahari.com\/en\/"},{"@type":"ListItem","position":2,"name":"Impressum"}]}]}},"_links":{"self":[{"href":"https:\/\/wp.mantahari.com\/en\/wp-json\/wp\/v2\/pages\/2328"}],"collection":[{"href":"https:\/\/wp.mantahari.com\/en\/wp-json\/wp\/v2\/pages"}],"about":[{"href":"https:\/\/wp.mantahari.com\/en\/wp-json\/wp\/v2\/types\/page"}],"author":[{"embeddable":true,"href":"https:\/\/wp.mantahari.com\/en\/wp-json\/wp\/v2\/users\/4"}],"replies":[{"embeddable":true,"href":"https:\/\/wp.mantahari.com\/en\/wp-json\/wp\/v2\/comments?post=2328"}],"version-history":[{"count":6,"href":"https:\/\/wp.mantahari.com\/en\/wp-json\/wp\/v2\/pages\/2328\/revisions"}],"predecessor-version":[{"id":10065,"href":"https:\/\/wp.mantahari.com\/en\/wp-json\/wp\/v2\/pages\/2328\/revisions\/10065"}],"wp:attachment":[{"href":"https:\/\/wp.mantahari.com\/en\/wp-json\/wp\/v2\/media?parent=2328"}],"curies":[{"name":"wp","href":"https:\/\/api.w.org\/{rel}","templated":true}]}}