{"id":2330,"date":"2019-09-17T10:48:59","date_gmt":"2019-09-17T08:48:59","guid":{"rendered":"https:\/\/mantahari.com\/revocation-instruction\/"},"modified":"2019-09-17T10:49:00","modified_gmt":"2019-09-17T08:49:00","slug":"revocation-instruction","status":"publish","type":"page","link":"https:\/\/wp.mantahari.com\/en\/revocation-instruction\/","title":{"rendered":"Revocation Instruction"},"content":{"rendered":"<p>[vc_row][vc_column][vc_column_text]<\/p>\n<h1>Wiederrufsbelehrung<\/h1>\n<p>WIDERRUFSBELEHRUNG UND WIDERRUFSFORMULAR<\/p>\n<p>Verbrauchern steht ein Widerrufsrecht nach folgender Ma\u00dfgabe zu, wobei Verbraucher jede nat\u00fcrliche Person ist, die ein Rechtsgesch\u00e4ft zu Zwecken abschlie\u00dft, die \u00fcberwiegend weder ihrer gewerblichen noch ihrer selbst\u00e4ndigen beruflichen T\u00e4tigkeit zugerechnet werden k\u00f6nnen (vgl. \u00a7 13 BGB):<\/p>\n<p>1. Widerrufsbelehrung<\/p>\n<p>Widerrufsrecht<br \/>\nSie haben das Recht, binnen vierzehn Tagen ohne Angabe von Gr\u00fcnden diesen Vertrag zu widerrufen.<\/p>\n<p>Die Widerrufsfrist betr\u00e4gt vierzehn Tage ab dem Tag, an dem Sie oder ein von Ihnen benannter Dritter, der nicht der Bef\u00f6rderer ist, die letzte Ware in Besitz genommen haben bzw. hat.<\/p>\n<p>Um Ihr Widerrufsrecht auszu\u00fcben, m\u00fcssen Sie uns (Mantahari Oceancare, Tim Noack, D\u00fcsseldorfer Stra\u00dfe 7, 80804 M\u00fcnchen; Tel.: 01799863509; Mail: hello@mantahari.com) mittels einer eindeutigen Erkl\u00e4rung (z. B. ein mit der Post versandter Brief oder E-Mail) \u00fcber Ihren Entschluss, diesen Vertrag zu widerrufen, informieren. Sie k\u00f6nnen daf\u00fcr das unten auf dieser Seite (vgl. Punkt 2) angeh\u00e4ngte Muster-Widerrufsformular verwenden, das jedoch nicht vorgeschrieben ist. Sie sind frei, ihr Widerrufsrecht auch anderweitig mittels einer eindeutigen Erkl\u00e4rung auszu\u00fcben.<\/p>\n<p>Zur Wahrung der Widerrufsfrist reicht es aus, dass Sie die Mitteilung \u00fcber die Aus\u00fcbung des Widerrufsrechts vor Ablauf der Widerrufsfrist absenden.<\/p>\n<p>&nbsp;<\/p>\n<p>Widerrufsfolgen<\/p>\n<p>Wenn Sie diesen Vertrag widerrufen, haben wir Ihnen alle Zahlungen, die wir von Ihnen erhalten haben, einschlie\u00dflich der Lieferkosten (mit Ausnahme der zus\u00e4tzlichen Kosten, die sich daraus ergeben, dass Sie eine andere Art der Lieferung als die von uns angebotene, g\u00fcnstigste Standardlieferung gew\u00e4hlt haben), unverz\u00fcglich und sp\u00e4testens binnen vierzehn Tagen ab dem Tag zur\u00fcckzuzahlen, an dem die Mitteilung \u00fcber Ihren Widerruf dieses Vertrags bei uns eingegangen ist. F\u00fcr diese R\u00fcckzahlung verwenden wir dasselbe Zahlungsmittel, das Sie bei der urspr\u00fcnglichen Transaktion eingesetzt haben, es sei denn, mit Ihnen wurde ausdr\u00fccklich etwas anderes vereinbart; in keinem Fall werden Ihnen wegen dieser R\u00fcckzahlung Entgelte berechnet. Wir k\u00f6nnen die R\u00fcckzahlung verweigern, bis wir die Waren wieder zur\u00fcckerhalten haben oder bis Sie den Nachweis erbracht haben, dass Sie die Waren zur\u00fcckgesandt haben, je nachdem, welches der fr\u00fchere Zeitpunkt ist.<\/p>\n<p><a name=\"_GoBack\"><\/a> Sie haben die Waren unverz\u00fcglich und in jedem Fall sp\u00e4testens binnen vierzehn Tagen ab dem Tag, an dem Sie uns \u00fcber den Widerruf dieses Vertrags unterrichten, an uns zur\u00fcckzusenden oder zu \u00fcbergeben. Die Frist ist gewahrt, wenn Sie die Waren vor Ablauf der Frist von vierzehn Tagen absenden.<\/p>\n<p>Sie tragen die unmittelbaren Kosten der R\u00fccksendung der Waren.<\/p>\n<p>Sie m\u00fcssen f\u00fcr einen etwaigen Wertverlust der Waren nur aufkommen, wenn dieser Wertverlust auf einen zur Pr\u00fcfung der Beschaffenheit, Eigenschaften und Funktionsweise der Waren nicht notwendigen Umgang mit ihnen zur\u00fcckzuf\u00fchren ist.<\/p>\n<p>Ausschluss bzw. vorzeitiges Erl\u00f6schen des Widerrufsrechts<\/p>\n<p>Das Widerrufsrecht gilt nicht f\u00fcr Verbraucher, die zum Zeitpunkt des Vertragsschlusses keinem Mitgliedstaat der Europ\u00e4ischen Union angeh\u00f6ren und deren alleiniger Wohnsitz und Lieferadresse zum Zeitpunkt des Vertragsschlusses au\u00dferhalb der Europ\u00e4ischen Union liegen.<\/p>\n<p>2. Widerrufsformular:<\/p>\n<p>Hiermit widerrufe(n) ich\/wir (*) den von mir\/uns (*) abgeschlossenen Vertrag \u00fcber den Kauf der folgenden Waren (*)\/die Erbringung der folgenden Dienstleistung (*)<\/p>\n<p>_______________________________________________________<\/p>\n<p>_______________________________________________________<\/p>\n<p>Bestellt am (*) ____________ \/ erhalten am (*) __________________<\/p>\n<p>________________________________________________________<br \/>\nName des\/der Verbraucher(s)<\/p>\n<p>________________________________________________________<br \/>\nAnschrift des\/der Verbraucher(s)<\/p>\n<p>________________________________________________________<br \/>\nUnterschrift des\/der Verbraucher(s) (nur bei Mitteilung auf Papier)<\/p>\n<p>_________________________<br \/>\nDatum<\/p>\n<p>(*) Unzutreffendes streichen[\/vc_column_text][\/vc_column][\/vc_row]<\/p>\n","protected":false},"excerpt":{"rendered":"<p>[vc_row][vc_column][vc_column_text] Wiederrufsbelehrung WIDERRUFSBELEHRUNG UND WIDERRUFSFORMULAR Verbrauchern steht ein Widerrufsrecht nach folgender Ma\u00dfgabe zu, wobei Verbraucher jede nat\u00fcrliche Person ist, die&#8230;<\/p>\n","protected":false},"author":4,"featured_media":0,"parent":0,"menu_order":0,"comment_status":"closed","ping_status":"closed","template":"","meta":{"spay_email":""},"yoast_head":"<!-- This site is optimized with the Yoast SEO plugin v19.3 - https:\/\/yoast.com\/wordpress\/plugins\/seo\/ -->\n<title>Revocation Instruction - Mantahari Oceancare<\/title>\n<meta name=\"robots\" content=\"index, follow, max-snippet:-1, max-image-preview:large, max-video-preview:-1\" \/>\n<link rel=\"canonical\" href=\"https:\/\/wp.mantahari.com\/en\/revocation-instruction\/\" \/>\n<meta property=\"og:locale\" content=\"en_US\" \/>\n<meta property=\"og:type\" content=\"article\" \/>\n<meta property=\"og:title\" content=\"Revocation Instruction - Mantahari Oceancare\" \/>\n<meta property=\"og:description\" content=\"[vc_row][vc_column][vc_column_text] Wiederrufsbelehrung WIDERRUFSBELEHRUNG UND WIDERRUFSFORMULAR Verbrauchern steht ein Widerrufsrecht nach folgender Ma\u00dfgabe zu, wobei Verbraucher jede nat\u00fcrliche Person ist, die...\" \/>\n<meta property=\"og:url\" content=\"https:\/\/wp.mantahari.com\/en\/revocation-instruction\/\" \/>\n<meta property=\"og:site_name\" content=\"Mantahari Oceancare\" \/>\n<meta property=\"article:modified_time\" content=\"2019-09-17T08:49:00+00:00\" \/>\n<meta name=\"twitter:card\" content=\"summary_large_image\" \/>\n<meta name=\"twitter:label1\" content=\"Est. reading time\" \/>\n\t<meta name=\"twitter:data1\" content=\"3 minutes\" \/>\n<script type=\"application\/ld+json\" class=\"yoast-schema-graph\">{\"@context\":\"https:\/\/schema.org\",\"@graph\":[{\"@type\":\"Organization\",\"@id\":\"https:\/\/wp.mantahari.com\/#organization\",\"name\":\"MANTAHARI\",\"url\":\"https:\/\/wp.mantahari.com\/\",\"sameAs\":[],\"logo\":{\"@type\":\"ImageObject\",\"inLanguage\":\"en-US\",\"@id\":\"https:\/\/wp.mantahari.com\/#\/schema\/logo\/image\/\",\"url\":\"https:\/\/mantahari.com\/wp-content\/uploads\/2021\/08\/Mantahari_Ocean_Care_final-01_Naturpack.jpg\",\"contentUrl\":\"https:\/\/mantahari.com\/wp-content\/uploads\/2021\/08\/Mantahari_Ocean_Care_final-01_Naturpack.jpg\",\"width\":1000,\"height\":705,\"caption\":\"MANTAHARI\"},\"image\":{\"@id\":\"https:\/\/wp.mantahari.com\/#\/schema\/logo\/image\/\"}},{\"@type\":\"WebSite\",\"@id\":\"https:\/\/wp.mantahari.com\/#website\",\"url\":\"https:\/\/wp.mantahari.com\/\",\"name\":\"Mantahari Oceancare\",\"description\":\"Together for the Ocean | Mantahari\",\"publisher\":{\"@id\":\"https:\/\/wp.mantahari.com\/#organization\"},\"potentialAction\":[{\"@type\":\"SearchAction\",\"target\":{\"@type\":\"EntryPoint\",\"urlTemplate\":\"https:\/\/wp.mantahari.com\/?s={search_term_string}\"},\"query-input\":\"required name=search_term_string\"}],\"inLanguage\":\"en-US\"},{\"@type\":\"WebPage\",\"@id\":\"https:\/\/wp.mantahari.com\/en\/revocation-instruction\/\",\"url\":\"https:\/\/wp.mantahari.com\/en\/revocation-instruction\/\",\"name\":\"Revocation Instruction - Mantahari Oceancare\",\"isPartOf\":{\"@id\":\"https:\/\/wp.mantahari.com\/#website\"},\"datePublished\":\"2019-09-17T08:48:59+00:00\",\"dateModified\":\"2019-09-17T08:49:00+00:00\",\"breadcrumb\":{\"@id\":\"https:\/\/wp.mantahari.com\/en\/revocation-instruction\/#breadcrumb\"},\"inLanguage\":\"en-US\",\"potentialAction\":[{\"@type\":\"ReadAction\",\"target\":[\"https:\/\/wp.mantahari.com\/en\/revocation-instruction\/\"]}]},{\"@type\":\"BreadcrumbList\",\"@id\":\"https:\/\/wp.mantahari.com\/en\/revocation-instruction\/#breadcrumb\",\"itemListElement\":[{\"@type\":\"ListItem\",\"position\":1,\"name\":\"Startseite\",\"item\":\"https:\/\/wp.mantahari.com\/en\/\"},{\"@type\":\"ListItem\",\"position\":2,\"name\":\"Revocation Instruction\"}]}]}<\/script>\n<!-- \/ Yoast SEO plugin. -->","yoast_head_json":{"title":"Revocation Instruction - Mantahari Oceancare","robots":{"index":"index","follow":"follow","max-snippet":"max-snippet:-1","max-image-preview":"max-image-preview:large","max-video-preview":"max-video-preview:-1"},"canonical":"https:\/\/wp.mantahari.com\/en\/revocation-instruction\/","og_locale":"en_US","og_type":"article","og_title":"Revocation Instruction - Mantahari Oceancare","og_description":"[vc_row][vc_column][vc_column_text] Wiederrufsbelehrung WIDERRUFSBELEHRUNG UND WIDERRUFSFORMULAR Verbrauchern steht ein Widerrufsrecht nach folgender Ma\u00dfgabe zu, wobei Verbraucher jede nat\u00fcrliche Person ist, die...","og_url":"https:\/\/wp.mantahari.com\/en\/revocation-instruction\/","og_site_name":"Mantahari Oceancare","article_modified_time":"2019-09-17T08:49:00+00:00","twitter_card":"summary_large_image","twitter_misc":{"Est. reading time":"3 minutes"},"schema":{"@context":"https:\/\/schema.org","@graph":[{"@type":"Organization","@id":"https:\/\/wp.mantahari.com\/#organization","name":"MANTAHARI","url":"https:\/\/wp.mantahari.com\/","sameAs":[],"logo":{"@type":"ImageObject","inLanguage":"en-US","@id":"https:\/\/wp.mantahari.com\/#\/schema\/logo\/image\/","url":"https:\/\/mantahari.com\/wp-content\/uploads\/2021\/08\/Mantahari_Ocean_Care_final-01_Naturpack.jpg","contentUrl":"https:\/\/mantahari.com\/wp-content\/uploads\/2021\/08\/Mantahari_Ocean_Care_final-01_Naturpack.jpg","width":1000,"height":705,"caption":"MANTAHARI"},"image":{"@id":"https:\/\/wp.mantahari.com\/#\/schema\/logo\/image\/"}},{"@type":"WebSite","@id":"https:\/\/wp.mantahari.com\/#website","url":"https:\/\/wp.mantahari.com\/","name":"Mantahari Oceancare","description":"Together for the Ocean | Mantahari","publisher":{"@id":"https:\/\/wp.mantahari.com\/#organization"},"potentialAction":[{"@type":"SearchAction","target":{"@type":"EntryPoint","urlTemplate":"https:\/\/wp.mantahari.com\/?s={search_term_string}"},"query-input":"required name=search_term_string"}],"inLanguage":"en-US"},{"@type":"WebPage","@id":"https:\/\/wp.mantahari.com\/en\/revocation-instruction\/","url":"https:\/\/wp.mantahari.com\/en\/revocation-instruction\/","name":"Revocation Instruction - Mantahari Oceancare","isPartOf":{"@id":"https:\/\/wp.mantahari.com\/#website"},"datePublished":"2019-09-17T08:48:59+00:00","dateModified":"2019-09-17T08:49:00+00:00","breadcrumb":{"@id":"https:\/\/wp.mantahari.com\/en\/revocation-instruction\/#breadcrumb"},"inLanguage":"en-US","potentialAction":[{"@type":"ReadAction","target":["https:\/\/wp.mantahari.com\/en\/revocation-instruction\/"]}]},{"@type":"BreadcrumbList","@id":"https:\/\/wp.mantahari.com\/en\/revocation-instruction\/#breadcrumb","itemListElement":[{"@type":"ListItem","position":1,"name":"Startseite","item":"https:\/\/wp.mantahari.com\/en\/"},{"@type":"ListItem","position":2,"name":"Revocation Instruction"}]}]}},"_links":{"self":[{"href":"https:\/\/wp.mantahari.com\/en\/wp-json\/wp\/v2\/pages\/2330"}],"collection":[{"href":"https:\/\/wp.mantahari.com\/en\/wp-json\/wp\/v2\/pages"}],"about":[{"href":"https:\/\/wp.mantahari.com\/en\/wp-json\/wp\/v2\/types\/page"}],"author":[{"embeddable":true,"href":"https:\/\/wp.mantahari.com\/en\/wp-json\/wp\/v2\/users\/4"}],"replies":[{"embeddable":true,"href":"https:\/\/wp.mantahari.com\/en\/wp-json\/wp\/v2\/comments?post=2330"}],"version-history":[{"count":1,"href":"https:\/\/wp.mantahari.com\/en\/wp-json\/wp\/v2\/pages\/2330\/revisions"}],"predecessor-version":[{"id":2331,"href":"https:\/\/wp.mantahari.com\/en\/wp-json\/wp\/v2\/pages\/2330\/revisions\/2331"}],"wp:attachment":[{"href":"https:\/\/wp.mantahari.com\/en\/wp-json\/wp\/v2\/media?parent=2330"}],"curies":[{"name":"wp","href":"https:\/\/api.w.org\/{rel}","templated":true}]}}